{"id":341,"date":"2025-05-08T11:54:52","date_gmt":"2025-05-08T11:54:52","guid":{"rendered":"https:\/\/michalgalka.bike\/?page_id=341"},"modified":"2025-05-10T01:24:16","modified_gmt":"2025-05-10T01:24:16","slug":"eventy-rowerowe","status":"publish","type":"page","link":"https:\/\/michalgalka.bike\/?page_id=341","title":{"rendered":"Eventy rowerowe"},"content":{"rendered":"\t\t<div data-elementor-type=\"wp-page\" data-elementor-id=\"341\" class=\"elementor elementor-341\" data-elementor-post-type=\"page\">\n\t\t\t\t<div class=\"elementor-element elementor-element-1200d6f e-flex e-con-boxed e-con e-parent\" data-id=\"1200d6f\" data-element_type=\"container\" data-settings=\"{&quot;background_background&quot;:&quot;classic&quot;}\">\n\t\t\t\t\t<div class=\"e-con-inner\">\n\t\t\t\t<div class=\"elementor-element elementor-element-0a0e743 elementor-widget elementor-widget-heading\" data-id=\"0a0e743\" data-element_type=\"widget\" data-widget_type=\"heading.default\">\n\t\t\t\t<div class=\"elementor-widget-container\">\n\t\t\t\t\t<h2 class=\"elementor-heading-title elementor-size-default\">Zdobyte na rowerze prze\u0142\u0119cze g\u00f3rskie w latach 2021-2025<\/h2>\t\t\t\t<\/div>\n\t\t\t\t<\/div>\n\t\t\t\t\t<\/div>\n\t\t\t\t<\/div>\n\t\t<div class=\"elementor-element elementor-element-5832e94 e-flex e-con-boxed e-con e-parent\" data-id=\"5832e94\" data-element_type=\"container\" data-settings=\"{&quot;background_background&quot;:&quot;classic&quot;}\">\n\t\t\t\t\t<div class=\"e-con-inner\">\n\t\t<div class=\"elementor-element elementor-element-bcc5e12 e-con-full e-flex e-con e-child\" data-id=\"bcc5e12\" data-element_type=\"container\">\n\t\t<div class=\"elementor-element elementor-element-b8b458b e-con-full e-flex e-con e-child\" data-id=\"b8b458b\" data-element_type=\"container\">\n\t\t\t\t<div class=\"elementor-element elementor-element-0b70241 elementor-widget elementor-widget-heading\" data-id=\"0b70241\" data-element_type=\"widget\" data-widget_type=\"heading.default\">\n\t\t\t\t<div class=\"elementor-widget-container\">\n\t\t\t\t\t<h2 class=\"elementor-heading-title elementor-size-default\">12 <\/h2>\t\t\t\t<\/div>\n\t\t\t\t<\/div>\n\t\t<div class=\"elementor-element elementor-element-166a8d4 e-con-full e-flex e-con e-child\" data-id=\"166a8d4\" data-element_type=\"container\">\n\t\t\t\t<div class=\"elementor-element elementor-element-5b85368 elementor-widget elementor-widget-heading\" data-id=\"5b85368\" data-element_type=\"widget\" data-widget_type=\"heading.default\">\n\t\t\t\t<div class=\"elementor-widget-container\">\n\t\t\t\t\t<h2 class=\"elementor-heading-title elementor-size-default\">I crossed my barriers<\/h2>\t\t\t\t<\/div>\n\t\t\t\t<\/div>\n\t\t\t\t<div class=\"elementor-element elementor-element-f1f04b7 elementor-widget elementor-widget-heading\" data-id=\"f1f04b7\" data-element_type=\"widget\" data-widget_type=\"heading.default\">\n\t\t\t\t<div class=\"elementor-widget-container\">\n\t\t\t\t\t<h2 class=\"elementor-heading-title elementor-size-default\">cycling events worldwide<\/h2>\t\t\t\t<\/div>\n\t\t\t\t<\/div>\n\t\t\t\t<\/div>\n\t\t\t\t<\/div>\n\t\t<div class=\"elementor-element elementor-element-9ef31a6 e-grid e-con-full e-con e-child\" data-id=\"9ef31a6\" data-element_type=\"container\">\n\t\t\t\t<div class=\"elementor-element elementor-element-174c4cf elementor-widget__width-initial elementor-widget elementor-widget-text-editor\" data-id=\"174c4cf\" data-element_type=\"widget\" data-widget_type=\"text-editor.default\">\n\t\t\t\t<div class=\"elementor-widget-container\">\n\t\t\t\t\t\t\t\t\t<p>Tajwan: 2<br \/>Islandia: 1<br \/>Szwajcaria: 4<\/p>\t\t\t\t\t\t\t\t<\/div>\n\t\t\t\t<\/div>\n\t\t\t\t<div class=\"elementor-element elementor-element-70f1d3f elementor-widget__width-initial elementor-widget elementor-widget-text-editor\" data-id=\"70f1d3f\" data-element_type=\"widget\" data-widget_type=\"text-editor.default\">\n\t\t\t\t<div class=\"elementor-widget-container\">\n\t\t\t\t\t\t\t\t\t<p>Francja: 4<br \/>W\u0142ochy: 1<br \/><br \/><\/p>\t\t\t\t\t\t\t\t<\/div>\n\t\t\t\t<\/div>\n\t\t\t\t<\/div>\n\t\t\t\t<\/div>\n\t\t<div class=\"elementor-element elementor-element-b49336f e-con-full e-flex e-con e-child\" data-id=\"b49336f\" data-element_type=\"container\">\n\t\t\t\t<div class=\"elementor-element elementor-element-6c1b0c0 elementor-grid-3 elementor-grid-tablet-2 elementor-grid-mobile-1 elementor-widget elementor-widget-loop-grid\" data-id=\"6c1b0c0\" data-element_type=\"widget\" data-settings=\"{&quot;template_id&quot;:&quot;45&quot;,&quot;_skin&quot;:&quot;post&quot;,&quot;columns&quot;:&quot;3&quot;,&quot;columns_tablet&quot;:&quot;2&quot;,&quot;columns_mobile&quot;:&quot;1&quot;,&quot;edit_handle_selector&quot;:&quot;[data-elementor-type=\\&quot;loop-item\\&quot;]&quot;,&quot;row_gap&quot;:{&quot;unit&quot;:&quot;px&quot;,&quot;size&quot;:&quot;&quot;,&quot;sizes&quot;:[]},&quot;row_gap_tablet&quot;:{&quot;unit&quot;:&quot;px&quot;,&quot;size&quot;:&quot;&quot;,&quot;sizes&quot;:[]},&quot;row_gap_mobile&quot;:{&quot;unit&quot;:&quot;px&quot;,&quot;size&quot;:&quot;&quot;,&quot;sizes&quot;:[]}}\" data-widget_type=\"loop-grid.post\">\n\t\t\t\t<div class=\"elementor-widget-container\">\n\t\t\t\t\t\t\t<div class=\"elementor-loop-container elementor-grid\">\n\t\t<style id=\"loop-45\">.elementor-45 .elementor-element.elementor-element-c19e6ae{--display:flex;--gap:0px 0px;--row-gap:0px;--column-gap:0px;}.elementor-widget-theme-post-featured-image .widget-image-caption{color:var( --e-global-color-text );font-family:var( --e-global-typography-text-font-family ), Sans-serif;font-weight:var( --e-global-typography-text-font-weight );}.elementor-45 .elementor-element.elementor-element-eb579a7 > .elementor-widget-container{background-color:#0A0A0A00;}.elementor-45 .elementor-element.elementor-element-eb579a7 img{width:100%;height:274px;object-fit:cover;object-position:center center;filter:brightness( 40% ) contrast( 100% ) saturate( 100% ) blur( 0px ) hue-rotate( 0deg );}.elementor-widget-theme-post-title .elementor-heading-title{font-family:var( --e-global-typography-primary-font-family ), Sans-serif;font-weight:var( --e-global-typography-primary-font-weight );color:var( --e-global-color-primary );}.elementor-45 .elementor-element.elementor-element-4ca2ab4 > .elementor-widget-container{margin:0px 0px 0px 0px;}body:not(.rtl) .elementor-45 .elementor-element.elementor-element-4ca2ab4{left:20px;}body.rtl .elementor-45 .elementor-element.elementor-element-4ca2ab4{right:20px;}.elementor-45 .elementor-element.elementor-element-4ca2ab4{bottom:120px;z-index:3;}.elementor-45 .elementor-element.elementor-element-4ca2ab4 .elementor-heading-title{font-family:\"Afacad\", Sans-serif;font-size:30px;font-weight:600;color:var( --e-global-color-text );}.elementor-45 .elementor-element.elementor-element-3b026da{--display:flex;}.elementor-45 .elementor-element.elementor-element-3b026da:not(.elementor-motion-effects-element-type-background), .elementor-45 .elementor-element.elementor-element-3b026da > .elementor-motion-effects-container > .elementor-motion-effects-layer{background-color:#1B3119;}.elementor-widget-heading .elementor-heading-title{font-family:var( --e-global-typography-primary-font-family ), Sans-serif;font-weight:var( --e-global-typography-primary-font-weight );color:var( --e-global-color-primary );}.elementor-45 .elementor-element.elementor-element-1fc4b26 > .elementor-widget-container{margin:20px 0px -15px 0px;}.elementor-45 .elementor-element.elementor-element-1fc4b26 .elementor-heading-title{font-family:\"Afacad\", Sans-serif;font-size:19px;font-weight:400;color:var( --e-global-color-text );}.elementor-widget-post-info .elementor-icon-list-item:not(:last-child):after{border-color:var( --e-global-color-text );}.elementor-widget-post-info .elementor-icon-list-icon i{color:var( --e-global-color-primary );}.elementor-widget-post-info .elementor-icon-list-icon svg{fill:var( --e-global-color-primary );}.elementor-widget-post-info .elementor-icon-list-text, .elementor-widget-post-info .elementor-icon-list-text a{color:var( --e-global-color-secondary );}.elementor-widget-post-info .elementor-icon-list-item{font-family:var( --e-global-typography-text-font-family ), Sans-serif;font-weight:var( --e-global-typography-text-font-weight );}.elementor-45 .elementor-element.elementor-element-9971beb .elementor-icon-list-icon{width:0px;}.elementor-45 .elementor-element.elementor-element-9971beb .elementor-icon-list-icon i{font-size:0px;}.elementor-45 .elementor-element.elementor-element-9971beb .elementor-icon-list-icon svg{--e-icon-list-icon-size:0px;}body:not(.rtl) .elementor-45 .elementor-element.elementor-element-9971beb .elementor-icon-list-text{padding-left:0px;}body.rtl .elementor-45 .elementor-element.elementor-element-9971beb .elementor-icon-list-text{padding-right:0px;}.elementor-45 .elementor-element.elementor-element-9971beb .elementor-icon-list-text, .elementor-45 .elementor-element.elementor-element-9971beb .elementor-icon-list-text a{color:var( --e-global-color-text );}.elementor-45 .elementor-element.elementor-element-9971beb .elementor-icon-list-item{font-family:\"Afacad\", Sans-serif;font-size:12px;font-weight:400;}<\/style>\t\t<div data-elementor-type=\"loop-item\" data-elementor-id=\"45\" class=\"elementor elementor-45 e-loop-item e-loop-item-353 post-353 post type-post status-publish format-standard has-post-thumbnail hentry category-eventy\" data-elementor-post-type=\"elementor_library\" data-custom-edit-handle=\"1\">\n\t\t\t<div class=\"elementor-element elementor-element-c19e6ae e-flex e-con-boxed e-con e-parent\" data-id=\"c19e6ae\" data-element_type=\"container\">\n\t\t\t\t\t<div class=\"e-con-inner\">\n\t\t\t\t<div class=\"elementor-element elementor-element-eb579a7 elementor-widget elementor-widget-theme-post-featured-image elementor-widget-image\" data-id=\"eb579a7\" data-element_type=\"widget\" data-widget_type=\"theme-post-featured-image.default\">\n\t\t\t\t<div class=\"elementor-widget-container\">\n\t\t\t\t\t\t\t\t\t\t\t\t\t\t\t<img fetchpriority=\"high\" decoding=\"async\" width=\"500\" height=\"755\" src=\"https:\/\/michalgalka.bike\/wp-content\/uploads\/2025\/04\/image-1.png\" class=\"attachment-large size-large wp-image-78\" alt=\"\" srcset=\"https:\/\/michalgalka.bike\/wp-content\/uploads\/2025\/04\/image-1.png 500w, https:\/\/michalgalka.bike\/wp-content\/uploads\/2025\/04\/image-1-199x300.png 199w\" sizes=\"(max-width: 500px) 100vw, 500px\" \/>\t\t\t\t\t\t\t\t\t\t\t\t\t\t\t<\/div>\n\t\t\t\t<\/div>\n\t\t\t\t<div class=\"elementor-element elementor-element-4ca2ab4 elementor-absolute elementor-widget elementor-widget-theme-post-title elementor-page-title elementor-widget-heading\" data-id=\"4ca2ab4\" data-element_type=\"widget\" data-settings=\"{&quot;_position&quot;:&quot;absolute&quot;}\" data-widget_type=\"theme-post-title.default\">\n\t\t\t\t<div class=\"elementor-widget-container\">\n\t\t\t\t\t<h1 class=\"elementor-heading-title elementor-size-default\">Haute Route Crans Montana<\/h1>\t\t\t\t<\/div>\n\t\t\t\t<\/div>\n\t\t<div class=\"elementor-element elementor-element-3b026da e-con-full e-flex e-con e-child\" data-id=\"3b026da\" data-element_type=\"container\" data-settings=\"{&quot;background_background&quot;:&quot;classic&quot;}\">\n\t\t\t\t<div class=\"elementor-element elementor-element-1fc4b26 elementor-widget elementor-widget-heading\" data-id=\"1fc4b26\" data-element_type=\"widget\" data-widget_type=\"heading.default\">\n\t\t\t\t<div class=\"elementor-widget-container\">\n\t\t\t\t\t<h2 class=\"elementor-heading-title elementor-size-default\"><a href=\"https:\/\/michalgalka.bike\/?p=353\">ZOBACZ WI\u0118CEJ<\/a><\/h2>\t\t\t\t<\/div>\n\t\t\t\t<\/div>\n\t\t\t\t<div class=\"elementor-element elementor-element-9971beb elementor-align-right elementor-widget elementor-widget-post-info\" data-id=\"9971beb\" data-element_type=\"widget\" data-widget_type=\"post-info.default\">\n\t\t\t\t<div class=\"elementor-widget-container\">\n\t\t\t\t\t\t\t<ul class=\"elementor-inline-items elementor-icon-list-items elementor-post-info\">\n\t\t\t\t\t\t\t\t<li class=\"elementor-icon-list-item elementor-repeater-item-8d8a2d2 elementor-inline-item\" itemprop=\"datePublished\">\n\t\t\t\t\t\t<a href=\"https:\/\/michalgalka.bike\/?m=20250508\">\n\t\t\t\t\t\t\t\t\t\t\t<span class=\"elementor-icon-list-icon\">\n\t\t\t\t\t\t\t\t<svg aria-hidden=\"true\" class=\"e-font-icon-svg e-fas-calendar\" viewBox=\"0 0 448 512\" xmlns=\"http:\/\/www.w3.org\/2000\/svg\"><path d=\"M12 192h424c6.6 0 12 5.4 12 12v260c0 26.5-21.5 48-48 48H48c-26.5 0-48-21.5-48-48V204c0-6.6 5.4-12 12-12zm436-44v-36c0-26.5-21.5-48-48-48h-48V12c0-6.6-5.4-12-12-12h-40c-6.6 0-12 5.4-12 12v52H160V12c0-6.6-5.4-12-12-12h-40c-6.6 0-12 5.4-12 12v52H48C21.5 64 0 85.5 0 112v36c0 6.6 5.4 12 12 12h424c6.6 0 12-5.4 12-12z\"><\/path><\/svg>\t\t\t\t\t\t\t<\/span>\n\t\t\t\t\t\t\t\t\t<span class=\"elementor-icon-list-text elementor-post-info__item elementor-post-info__item--type-date\">\n\t\t\t\t\t\t\t\t\t\t<time>8 maja, 2025<\/time>\t\t\t\t\t<\/span>\n\t\t\t\t\t\t\t\t\t<\/a>\n\t\t\t\t<\/li>\n\t\t\t\t<li class=\"elementor-icon-list-item elementor-repeater-item-c995d58 elementor-inline-item\">\n\t\t\t\t\t\t\t\t\t\t<span class=\"elementor-icon-list-icon\">\n\t\t\t\t\t\t\t\t<svg aria-hidden=\"true\" class=\"e-font-icon-svg e-far-clock\" viewBox=\"0 0 512 512\" xmlns=\"http:\/\/www.w3.org\/2000\/svg\"><path d=\"M256 8C119 8 8 119 8 256s111 248 248 248 248-111 248-248S393 8 256 8zm0 448c-110.5 0-200-89.5-200-200S145.5 56 256 56s200 89.5 200 200-89.5 200-200 200zm61.8-104.4l-84.9-61.7c-3.1-2.3-4.9-5.9-4.9-9.7V116c0-6.6 5.4-12 12-12h32c6.6 0 12 5.4 12 12v141.7l66.8 48.6c5.4 3.9 6.5 11.4 2.6 16.8L334.6 349c-3.9 5.3-11.4 6.5-16.8 2.6z\"><\/path><\/svg>\t\t\t\t\t\t\t<\/span>\n\t\t\t\t\t\t\t\t\t<span class=\"elementor-icon-list-text elementor-post-info__item elementor-post-info__item--type-time\">\n\t\t\t\t\t\t\t\t\t\t<time>12:08 pm<\/time>\t\t\t\t\t<\/span>\n\t\t\t\t\t\t\t\t<\/li>\n\t\t\t\t<\/ul>\n\t\t\t\t\t\t<\/div>\n\t\t\t\t<\/div>\n\t\t\t\t<\/div>\n\t\t\t\t\t<\/div>\n\t\t\t\t<\/div>\n\t\t\t\t<\/div>\n\t\t\t\t<\/div>\n\t\t\n\t\t\t\t\t\t<\/div>\n\t\t\t\t<\/div>\n\t\t\t\t<\/div>\n\t\t\t\t\t<\/div>\n\t\t\t\t<\/div>\n\t\t\t\t<\/div>\n\t\t","protected":false},"excerpt":{"rendered":"<p>Zdobyte na rowerze prze\u0142\u0119cze g\u00f3rskie w latach 2021-2025 12 I crossed my barriers cycling events worldwide Tajwan: 2Islandia: 1Szwajcaria: 4 Francja: 4W\u0142ochy: 1<\/p>\n","protected":false},"author":1,"featured_media":0,"parent":0,"menu_order":0,"comment_status":"closed","ping_status":"closed","template":"","meta":{"footnotes":""},"class_list":["post-341","page","type-page","status-publish","hentry"],"wpts_trip_summary":{"status":{"has_route_track":false,"has_route_info":false},"route_info":null,"route_track":null},"_links":{"self":[{"href":"https:\/\/michalgalka.bike\/index.php?rest_route=\/wp\/v2\/pages\/341","targetHints":{"allow":["GET"]}}],"collection":[{"href":"https:\/\/michalgalka.bike\/index.php?rest_route=\/wp\/v2\/pages"}],"about":[{"href":"https:\/\/michalgalka.bike\/index.php?rest_route=\/wp\/v2\/types\/page"}],"author":[{"embeddable":true,"href":"https:\/\/michalgalka.bike\/index.php?rest_route=\/wp\/v2\/users\/1"}],"replies":[{"embeddable":true,"href":"https:\/\/michalgalka.bike\/index.php?rest_route=%2Fwp%2Fv2%2Fcomments&post=341"}],"version-history":[{"count":28,"href":"https:\/\/michalgalka.bike\/index.php?rest_route=\/wp\/v2\/pages\/341\/revisions"}],"predecessor-version":[{"id":625,"href":"https:\/\/michalgalka.bike\/index.php?rest_route=\/wp\/v2\/pages\/341\/revisions\/625"}],"wp:attachment":[{"href":"https:\/\/michalgalka.bike\/index.php?rest_route=%2Fwp%2Fv2%2Fmedia&parent=341"}],"curies":[{"name":"wp","href":"https:\/\/api.w.org\/{rel}","templated":true}]}}